{"id":494,"date":"2025-05-08T12:49:36","date_gmt":"2025-05-08T12:49:36","guid":{"rendered":"https:\/\/www.retroianer.de\/?page_id=494"},"modified":"2025-05-27T11:02:49","modified_gmt":"2025-05-27T11:02:49","slug":"tda2822m-verstaerker","status":"publish","type":"page","link":"https:\/\/www.retroianer.de\/index.php\/tda2822m-verstaerker\/","title":{"rendered":"TDA2822M Stereo Verst\u00e4rker"},"content":{"rendered":"\n<p>Ich habe vor l\u00e4ngeren beide Schaltungen aus den Datenbl\u00e4ttern des TDA2822M aufgebaut,<br>Einmal in Bridge Mode mit 2x TDA228M und einmal einzeln jeweils als Stereo Verst\u00e4rker.<br>Anbei befinden sich jeweils Schaltplan als auch PCB Datei.<\/p>\n\n\n\n<p><strong>Single Chip Version<\/strong><\/p>\n\n\n\n<figure class=\"wp-block-gallery has-nested-images columns-default is-cropped wp-block-gallery-1 is-layout-flex wp-block-gallery-is-layout-flex\">\n<figure class=\"wp-block-image size-large\"><img decoding=\"async\" width=\"169\" height=\"225\" data-id=\"375\" src=\"https:\/\/www.retroianer.de\/wp-content\/uploads\/2021\/07\/IMG_20150602_192342__Andere_.jpg\" alt=\"\" class=\"wp-image-375\"\/><figcaption class=\"wp-element-caption\">TDA2822M PCB Oben<\/figcaption><\/figure>\n\n\n\n<figure class=\"wp-block-image size-large\"><img decoding=\"async\" width=\"225\" height=\"169\" data-id=\"374\" src=\"https:\/\/www.retroianer.de\/wp-content\/uploads\/2021\/07\/IMG_20150602_192355__Andere_.jpg\" alt=\"\" class=\"wp-image-374\"\/><figcaption class=\"wp-element-caption\">TDA2822M PCB unten<\/figcaption><\/figure>\n<\/figure>\n\n\n\n<p>PCB wurde mit Cadsoft Eagle 7 Free erstellt.<br><a href=\"https:\/\/github.com\/matze79\/TDA2822M-Stereo\/\">https:\/\/github.com\/matze79\/TDA2822M-Stereo\/<\/a><br><strong><br>BTL Bridge Configuration mit 2x TDA2822M<\/strong><\/p>\n\n\n\n<figure class=\"wp-block-gallery has-nested-images columns-default is-cropped wp-block-gallery-2 is-layout-flex wp-block-gallery-is-layout-flex\">\n<figure class=\"wp-block-image size-large\"><img fetchpriority=\"high\" decoding=\"async\" width=\"784\" height=\"566\" data-id=\"497\" src=\"https:\/\/www.retroianer.de\/wp-content\/uploads\/2025\/05\/tda2822m.png\" alt=\"\" class=\"wp-image-497\"\/><\/figure>\n<\/figure>\n\n\n\n<p>Die Daten sind auch hier bei Github zu finden.<br><a href=\"https:\/\/github.com\/matze79\/TDA2822M\">https:\/\/github.com\/matze79\/TDA2822M<\/a><\/p>\n\n\n\n<p><\/p>\n","protected":false},"excerpt":{"rendered":"<p>Ich habe vor l\u00e4ngeren beide Schaltungen aus den Datenbl\u00e4ttern des TDA2822M aufgebaut,Einmal in Bridge Mode mit 2x TDA228M und einmal einzeln jeweils als Stereo Verst\u00e4rker.Anbei befinden sich jeweils Schaltplan als auch PCB Datei. Single Chip Version PCB wurde mit Cadsoft Eagle 7 Free erstellt.https:\/\/github.com\/matze79\/TDA2822M-Stereo\/BTL Bridge Configuration mit 2x TDA2822M Die Daten sind auch hier bei [&hellip;]<\/p>\n","protected":false},"author":1,"featured_media":0,"parent":0,"menu_order":0,"comment_status":"closed","ping_status":"closed","template":"","meta":{"ocean_post_layout":"","ocean_both_sidebars_style":"","ocean_both_sidebars_content_width":0,"ocean_both_sidebars_sidebars_width":0,"ocean_sidebar":"","ocean_second_sidebar":"","ocean_disable_margins":"enable","ocean_add_body_class":"","ocean_shortcode_before_top_bar":"","ocean_shortcode_after_top_bar":"","ocean_shortcode_before_header":"","ocean_shortcode_after_header":"","ocean_has_shortcode":"","ocean_shortcode_after_title":"","ocean_shortcode_before_footer_widgets":"","ocean_shortcode_after_footer_widgets":"","ocean_shortcode_before_footer_bottom":"","ocean_shortcode_after_footer_bottom":"","ocean_display_top_bar":"default","ocean_display_header":"default","ocean_header_style":"","ocean_center_header_left_menu":"","ocean_custom_header_template":"","ocean_custom_logo":0,"ocean_custom_retina_logo":0,"ocean_custom_logo_max_width":0,"ocean_custom_logo_tablet_max_width":0,"ocean_custom_logo_mobile_max_width":0,"ocean_custom_logo_max_height":0,"ocean_custom_logo_tablet_max_height":0,"ocean_custom_logo_mobile_max_height":0,"ocean_header_custom_menu":"","ocean_menu_typo_font_family":"","ocean_menu_typo_font_subset":"","ocean_menu_typo_font_size":0,"ocean_menu_typo_font_size_tablet":0,"ocean_menu_typo_font_size_mobile":0,"ocean_menu_typo_font_size_unit":"px","ocean_menu_typo_font_weight":"","ocean_menu_typo_font_weight_tablet":"","ocean_menu_typo_font_weight_mobile":"","ocean_menu_typo_transform":"","ocean_menu_typo_transform_tablet":"","ocean_menu_typo_transform_mobile":"","ocean_menu_typo_line_height":0,"ocean_menu_typo_line_height_tablet":0,"ocean_menu_typo_line_height_mobile":0,"ocean_menu_typo_line_height_unit":"","ocean_menu_typo_spacing":0,"ocean_menu_typo_spacing_tablet":0,"ocean_menu_typo_spacing_mobile":0,"ocean_menu_typo_spacing_unit":"","ocean_menu_link_color":"","ocean_menu_link_color_hover":"","ocean_menu_link_color_active":"","ocean_menu_link_background":"","ocean_menu_link_hover_background":"","ocean_menu_link_active_background":"","ocean_menu_social_links_bg":"","ocean_menu_social_hover_links_bg":"","ocean_menu_social_links_color":"","ocean_menu_social_hover_links_color":"","ocean_disable_title":"default","ocean_disable_heading":"default","ocean_post_title":"","ocean_post_subheading":"","ocean_post_title_style":"","ocean_post_title_background_color":"","ocean_post_title_background":0,"ocean_post_title_bg_image_position":"","ocean_post_title_bg_image_attachment":"","ocean_post_title_bg_image_repeat":"","ocean_post_title_bg_image_size":"","ocean_post_title_height":0,"ocean_post_title_bg_overlay":0.5,"ocean_post_title_bg_overlay_color":"","ocean_disable_breadcrumbs":"default","ocean_breadcrumbs_color":"","ocean_breadcrumbs_separator_color":"","ocean_breadcrumbs_links_color":"","ocean_breadcrumbs_links_hover_color":"","ocean_display_footer_widgets":"default","ocean_display_footer_bottom":"default","ocean_custom_footer_template":"","footnotes":""},"class_list":["post-494","page","type-page","status-publish","hentry","entry"],"_links":{"self":[{"href":"https:\/\/www.retroianer.de\/index.php\/wp-json\/wp\/v2\/pages\/494","targetHints":{"allow":["GET"]}}],"collection":[{"href":"https:\/\/www.retroianer.de\/index.php\/wp-json\/wp\/v2\/pages"}],"about":[{"href":"https:\/\/www.retroianer.de\/index.php\/wp-json\/wp\/v2\/types\/page"}],"author":[{"embeddable":true,"href":"https:\/\/www.retroianer.de\/index.php\/wp-json\/wp\/v2\/users\/1"}],"replies":[{"embeddable":true,"href":"https:\/\/www.retroianer.de\/index.php\/wp-json\/wp\/v2\/comments?post=494"}],"version-history":[{"count":7,"href":"https:\/\/www.retroianer.de\/index.php\/wp-json\/wp\/v2\/pages\/494\/revisions"}],"predecessor-version":[{"id":504,"href":"https:\/\/www.retroianer.de\/index.php\/wp-json\/wp\/v2\/pages\/494\/revisions\/504"}],"wp:attachment":[{"href":"https:\/\/www.retroianer.de\/index.php\/wp-json\/wp\/v2\/media?parent=494"}],"curies":[{"name":"wp","href":"https:\/\/api.w.org\/{rel}","templated":true}]}}