{"id":173,"date":"2020-10-24T11:42:22","date_gmt":"2020-10-24T11:42:22","guid":{"rendered":"http:\/\/www.retrokits.de\/?page_id=173"},"modified":"2021-05-28T14:35:08","modified_gmt":"2021-05-28T14:35:08","slug":"ps-2-mouse-as-serial-mice-converter","status":"publish","type":"page","link":"https:\/\/www.retroianer.de\/index.php\/ps-2-mouse-as-serial-mice-converter\/","title":{"rendered":"PS\/2 Mouse as Serial Mice Converter"},"content":{"rendered":"\t\t<div data-elementor-type=\"wp-page\" data-elementor-id=\"173\" class=\"elementor elementor-173\">\n\t\t\t\t\t\t<section class=\"elementor-section elementor-top-section elementor-element elementor-element-65744ee elementor-section-boxed elementor-section-height-default elementor-section-height-default\" data-id=\"65744ee\" data-element_type=\"section\" data-e-type=\"section\">\n\t\t\t\t\t\t<div class=\"elementor-container elementor-column-gap-default\">\n\t\t\t\t\t<div class=\"elementor-column elementor-col-100 elementor-top-column elementor-element elementor-element-ae73919\" data-id=\"ae73919\" data-element_type=\"column\" data-e-type=\"column\">\n\t\t\t<div class=\"elementor-widget-wrap elementor-element-populated\">\n\t\t\t\t\t\t<div class=\"elementor-element elementor-element-b42f3cf elementor-widget elementor-widget-image\" data-id=\"b42f3cf\" data-element_type=\"widget\" data-e-type=\"widget\" data-widget_type=\"image.default\">\n\t\t\t\t<div class=\"elementor-widget-container\">\n\t\t\t\t\t\t\t\t\t\t\t\t\t\t\t<img fetchpriority=\"high\" decoding=\"async\" width=\"1024\" height=\"576\" src=\"https:\/\/www.retroianer.de\/wp-content\/uploads\/2020\/07\/fixed-1024x576.jpg\" class=\"attachment-large size-large wp-image-75\" alt=\"PS\/2 Converter R6\" srcset=\"https:\/\/www.retroianer.de\/wp-content\/uploads\/2020\/07\/fixed-1024x576.jpg 1024w, https:\/\/www.retroianer.de\/wp-content\/uploads\/2020\/07\/fixed-300x169.jpg 300w, https:\/\/www.retroianer.de\/wp-content\/uploads\/2020\/07\/fixed-768x432.jpg 768w, https:\/\/www.retroianer.de\/wp-content\/uploads\/2020\/07\/fixed-600x338.jpg 600w, https:\/\/www.retroianer.de\/wp-content\/uploads\/2020\/07\/fixed.jpg 1280w\" sizes=\"(max-width: 1024px) 100vw, 1024px\" \/>\t\t\t\t\t\t\t\t\t\t\t\t\t\t\t<\/div>\n\t\t\t\t<\/div>\n\t\t\t\t\t<\/div>\n\t\t<\/div>\n\t\t\t\t\t<\/div>\n\t\t<\/section>\n\t\t\t\t<section class=\"elementor-section elementor-top-section elementor-element elementor-element-d03fa2f elementor-section-boxed elementor-section-height-default elementor-section-height-default\" data-id=\"d03fa2f\" data-element_type=\"section\" data-e-type=\"section\">\n\t\t\t\t\t\t<div class=\"elementor-container elementor-column-gap-default\">\n\t\t\t\t\t<div class=\"elementor-column elementor-col-50 elementor-top-column elementor-element elementor-element-71f59ab\" data-id=\"71f59ab\" data-element_type=\"column\" data-e-type=\"column\">\n\t\t\t<div class=\"elementor-widget-wrap elementor-element-populated\">\n\t\t\t\t\t\t<div class=\"elementor-element elementor-element-a907ec8 elementor-widget elementor-widget-text-editor\" data-id=\"a907ec8\" data-element_type=\"widget\" data-e-type=\"widget\" data-widget_type=\"text-editor.default\">\n\t\t\t\t<div class=\"elementor-widget-container\">\n\t\t\t\t\t\t\t\t\t<p>Mit diesem Ger\u00e4t k\u00f6nnen Sie viele optische PS \/ 2-M\u00e4use \u00fcber Serialports mit dem Microsoft Serial Mouse-Treiber betreiben.<\/p><p>Alte Mechanische M\u00e4use machen oft keinen Spa\u00df, sie sind unergonomisch, und haben schlechtes Tracking.<\/p><p>Dies ist die L\u00f6sung, um Ihrem alten 286\/386\/486 eine wirklich handliche Maus zu geben.<\/p><p>Die Firmware wurde von Felmar Loyd neu geschrieben und funktioniert jetzt im Logitech-Mausmodus.<\/p><p>&#8211; Rad-Maus-Unterst\u00fctzung<\/p><p>&#8211; 19200 Baud Turbo-Modus (KVM Speed Bump)<\/p><p>&#8211; Logitech \/ Microsoft Protocol Switchable<\/p><p>\u00a0<\/p>\t\t\t\t\t\t\t\t<\/div>\n\t\t\t\t<\/div>\n\t\t\t\t\t<\/div>\n\t\t<\/div>\n\t\t\t\t<div class=\"elementor-column elementor-col-50 elementor-top-column elementor-element elementor-element-a7f4760\" data-id=\"a7f4760\" data-element_type=\"column\" data-e-type=\"column\">\n\t\t\t<div class=\"elementor-widget-wrap elementor-element-populated\">\n\t\t\t\t\t\t<div class=\"elementor-element elementor-element-3a1e894 elementor-widget elementor-widget-text-editor\" data-id=\"3a1e894\" data-element_type=\"widget\" data-e-type=\"widget\" data-widget_type=\"text-editor.default\">\n\t\t\t\t<div class=\"elementor-widget-container\">\n\t\t\t\t\t\t\t\t\t<p>This Device allows you to drive many Optical PS\/2 Mouses on Serialports with Microsoft Serial Mouse Driver.<\/p><p>Old mechanical mice are often no fun, are unergonomic, and have poor tracking.<span style=\"font-size: 14px; color: var( --e-global-color-text );\">This is the Solution to give your trusty old 286\/386\/486 a really handy mouse.<\/span><\/p><p>The Firmware is rewritten by Felmar Loyd, and works now in Logitech Mouse Mode.<\/p><p>&#8211; Wheel Mouse Support<br \/>&#8211; 19200 Baud Turbo Mode (KVM Speed bump)<br \/>&#8211; Logitech \/ Microsoft Protocol Switchable<\/p><p>\u00a0<\/p>\t\t\t\t\t\t\t\t<\/div>\n\t\t\t\t<\/div>\n\t\t\t\t\t<\/div>\n\t\t<\/div>\n\t\t\t\t\t<\/div>\n\t\t<\/section>\n\t\t\t\t<section class=\"elementor-section elementor-top-section elementor-element elementor-element-e41e9d5 elementor-section-boxed elementor-section-height-default elementor-section-height-default\" data-id=\"e41e9d5\" data-element_type=\"section\" data-e-type=\"section\">\n\t\t\t\t\t\t<div class=\"elementor-container elementor-column-gap-default\">\n\t\t\t\t\t<div class=\"elementor-column elementor-col-50 elementor-top-column elementor-element elementor-element-af94996\" data-id=\"af94996\" data-element_type=\"column\" data-e-type=\"column\">\n\t\t\t<div class=\"elementor-widget-wrap elementor-element-populated\">\n\t\t\t\t\t\t<div class=\"elementor-element elementor-element-0752668 elementor-widget elementor-widget-image\" data-id=\"0752668\" data-element_type=\"widget\" data-e-type=\"widget\" data-widget_type=\"image.default\">\n\t\t\t\t<div class=\"elementor-widget-container\">\n\t\t\t\t\t\t\t\t\t\t\t\t\t\t\t<img decoding=\"async\" width=\"1024\" height=\"788\" src=\"https:\/\/www.retroianer.de\/wp-content\/uploads\/2020\/10\/rs232_ps2maset-1024x788.jpg\" class=\"attachment-large size-large wp-image-93\" alt=\"\" srcset=\"https:\/\/www.retroianer.de\/wp-content\/uploads\/2020\/10\/rs232_ps2maset-1024x788.jpg 1024w, https:\/\/www.retroianer.de\/wp-content\/uploads\/2020\/10\/rs232_ps2maset-300x231.jpg 300w, https:\/\/www.retroianer.de\/wp-content\/uploads\/2020\/10\/rs232_ps2maset-768x591.jpg 768w, https:\/\/www.retroianer.de\/wp-content\/uploads\/2020\/10\/rs232_ps2maset-600x462.jpg 600w, https:\/\/www.retroianer.de\/wp-content\/uploads\/2020\/10\/rs232_ps2maset.jpg 1280w\" sizes=\"(max-width: 1024px) 100vw, 1024px\" \/>\t\t\t\t\t\t\t\t\t\t\t\t\t\t\t<\/div>\n\t\t\t\t<\/div>\n\t\t\t\t\t<\/div>\n\t\t<\/div>\n\t\t\t\t<div class=\"elementor-column elementor-col-50 elementor-top-column elementor-element elementor-element-66ed985\" data-id=\"66ed985\" data-element_type=\"column\" data-e-type=\"column\">\n\t\t\t<div class=\"elementor-widget-wrap elementor-element-populated\">\n\t\t\t\t\t\t<div class=\"elementor-element elementor-element-1638f85 elementor-widget elementor-widget-image\" data-id=\"1638f85\" data-element_type=\"widget\" data-e-type=\"widget\" data-widget_type=\"image.default\">\n\t\t\t\t<div class=\"elementor-widget-container\">\n\t\t\t\t\t\t\t\t\t\t\t\t\t\t\t<img decoding=\"async\" width=\"611\" height=\"340\" src=\"https:\/\/www.retroianer.de\/wp-content\/uploads\/2021\/01\/ps2maset2.jpg\" class=\"attachment-large size-large wp-image-212\" alt=\"\" srcset=\"https:\/\/www.retroianer.de\/wp-content\/uploads\/2021\/01\/ps2maset2.jpg 611w, https:\/\/www.retroianer.de\/wp-content\/uploads\/2021\/01\/ps2maset2-300x167.jpg 300w\" sizes=\"(max-width: 611px) 100vw, 611px\" \/>\t\t\t\t\t\t\t\t\t\t\t\t\t\t\t<\/div>\n\t\t\t\t<\/div>\n\t\t\t\t\t<\/div>\n\t\t<\/div>\n\t\t\t\t\t<\/div>\n\t\t<\/section>\n\t\t\t\t<section class=\"elementor-section elementor-top-section elementor-element elementor-element-9cb7cfb elementor-section-boxed elementor-section-height-default elementor-section-height-default\" data-id=\"9cb7cfb\" data-element_type=\"section\" data-e-type=\"section\">\n\t\t\t\t\t\t<div class=\"elementor-container elementor-column-gap-default\">\n\t\t\t\t\t<div class=\"elementor-column elementor-col-100 elementor-top-column elementor-element elementor-element-c331299\" data-id=\"c331299\" data-element_type=\"column\" data-e-type=\"column\">\n\t\t\t<div class=\"elementor-widget-wrap elementor-element-populated\">\n\t\t\t\t\t\t<div class=\"elementor-element elementor-element-b4c3388 elementor-widget elementor-widget-text-editor\" data-id=\"b4c3388\" data-element_type=\"widget\" data-e-type=\"widget\" data-widget_type=\"text-editor.default\">\n\t\t\t\t<div class=\"elementor-widget-container\">\n\t\t\t\t\t\t\t\t\t<p>Links<\/p><p><u>Projekt Page at Dosreloaded and Vogons:<\/u><\/p><p><a href=\"https:\/\/dosreloaded.de\/forum\/index.php?thread\/516-rs-232-zu-ps-2-converter-hardware-projekt\/&amp;pageNo=1\">https:\/\/dosreloaded.de\/forum\/index.php?thread\/516-rs-232-zu-ps-2-converter-hardware-projekt\/&amp;pageNo=1<\/a><\/p><p><a href=\"https:\/\/www.vogons.org\/viewtopic.php?f=46&amp;t=42862\">https:\/\/www.vogons.org\/viewtopic.php?f=46&amp;t=42862<\/a><\/p><p><b>Github Project Files<\/b><\/p><p><a href=\"https:\/\/github.com\/matze79\/PS2-Adapter\">https:\/\/github.com\/matze79\/PS2-Adapter<\/a><\/p><p><b>Prototypes:<\/b><\/p>\t\t\t\t\t\t\t\t<\/div>\n\t\t\t\t<\/div>\n\t\t\t\t\t<\/div>\n\t\t<\/div>\n\t\t\t\t\t<\/div>\n\t\t<\/section>\n\t\t\t\t<section class=\"elementor-section elementor-top-section elementor-element elementor-element-c556c9d elementor-section-boxed elementor-section-height-default elementor-section-height-default\" data-id=\"c556c9d\" data-element_type=\"section\" data-e-type=\"section\">\n\t\t\t\t\t\t<div class=\"elementor-container elementor-column-gap-default\">\n\t\t\t\t\t<div class=\"elementor-column elementor-col-50 elementor-top-column elementor-element elementor-element-94b5c0f\" data-id=\"94b5c0f\" data-element_type=\"column\" data-e-type=\"column\">\n\t\t\t<div class=\"elementor-widget-wrap elementor-element-populated\">\n\t\t\t\t\t\t<div class=\"elementor-element elementor-element-2d4d3c1 elementor-widget elementor-widget-image\" data-id=\"2d4d3c1\" data-element_type=\"widget\" data-e-type=\"widget\" data-widget_type=\"image.default\">\n\t\t\t\t<div class=\"elementor-widget-container\">\n\t\t\t\t\t\t\t\t\t\t\t\t\t\t\t<img loading=\"lazy\" decoding=\"async\" width=\"640\" height=\"480\" src=\"https:\/\/www.retroianer.de\/wp-content\/uploads\/2021\/05\/prototyp1.jpg\" class=\"attachment-large size-large wp-image-313\" alt=\"\" srcset=\"https:\/\/www.retroianer.de\/wp-content\/uploads\/2021\/05\/prototyp1.jpg 640w, https:\/\/www.retroianer.de\/wp-content\/uploads\/2021\/05\/prototyp1-300x225.jpg 300w\" sizes=\"(max-width: 640px) 100vw, 640px\" \/>\t\t\t\t\t\t\t\t\t\t\t\t\t\t\t<\/div>\n\t\t\t\t<\/div>\n\t\t\t\t\t<\/div>\n\t\t<\/div>\n\t\t\t\t<div class=\"elementor-column elementor-col-50 elementor-top-column elementor-element elementor-element-b2c29bc\" data-id=\"b2c29bc\" data-element_type=\"column\" data-e-type=\"column\">\n\t\t\t<div class=\"elementor-widget-wrap elementor-element-populated\">\n\t\t\t\t\t\t<div class=\"elementor-element elementor-element-c70006b elementor-widget elementor-widget-image\" data-id=\"c70006b\" data-element_type=\"widget\" data-e-type=\"widget\" data-widget_type=\"image.default\">\n\t\t\t\t<div class=\"elementor-widget-container\">\n\t\t\t\t\t\t\t\t\t\t\t\t\t\t\t<img loading=\"lazy\" decoding=\"async\" width=\"640\" height=\"369\" src=\"https:\/\/www.retroianer.de\/wp-content\/uploads\/2021\/05\/progress.jpg\" class=\"attachment-large size-large wp-image-314\" alt=\"\" srcset=\"https:\/\/www.retroianer.de\/wp-content\/uploads\/2021\/05\/progress.jpg 640w, https:\/\/www.retroianer.de\/wp-content\/uploads\/2021\/05\/progress-300x173.jpg 300w\" sizes=\"(max-width: 640px) 100vw, 640px\" \/>\t\t\t\t\t\t\t\t\t\t\t\t\t\t\t<\/div>\n\t\t\t\t<\/div>\n\t\t\t\t\t<\/div>\n\t\t<\/div>\n\t\t\t\t\t<\/div>\n\t\t<\/section>\n\t\t\t\t<section class=\"elementor-section elementor-top-section elementor-element elementor-element-43cea55 elementor-section-boxed elementor-section-height-default elementor-section-height-default\" data-id=\"43cea55\" data-element_type=\"section\" data-e-type=\"section\">\n\t\t\t\t\t\t<div class=\"elementor-container elementor-column-gap-default\">\n\t\t\t\t\t<div class=\"elementor-column elementor-col-50 elementor-top-column elementor-element elementor-element-4cad80d\" data-id=\"4cad80d\" data-element_type=\"column\" data-e-type=\"column\">\n\t\t\t<div class=\"elementor-widget-wrap elementor-element-populated\">\n\t\t\t\t\t\t<div class=\"elementor-element elementor-element-b6ed413 elementor-widget elementor-widget-image\" data-id=\"b6ed413\" data-element_type=\"widget\" data-e-type=\"widget\" data-widget_type=\"image.default\">\n\t\t\t\t<div class=\"elementor-widget-container\">\n\t\t\t\t\t\t\t\t\t\t\t\t\t\t\t<img loading=\"lazy\" decoding=\"async\" width=\"799\" height=\"540\" src=\"https:\/\/www.retroianer.de\/wp-content\/uploads\/2021\/05\/prototyp2.jpg\" class=\"attachment-large size-large wp-image-312\" alt=\"\" srcset=\"https:\/\/www.retroianer.de\/wp-content\/uploads\/2021\/05\/prototyp2.jpg 799w, https:\/\/www.retroianer.de\/wp-content\/uploads\/2021\/05\/prototyp2-300x203.jpg 300w, https:\/\/www.retroianer.de\/wp-content\/uploads\/2021\/05\/prototyp2-768x519.jpg 768w\" sizes=\"(max-width: 799px) 100vw, 799px\" \/>\t\t\t\t\t\t\t\t\t\t\t\t\t\t\t<\/div>\n\t\t\t\t<\/div>\n\t\t\t\t\t<\/div>\n\t\t<\/div>\n\t\t\t\t<div class=\"elementor-column elementor-col-50 elementor-top-column elementor-element elementor-element-07c07c1\" data-id=\"07c07c1\" data-element_type=\"column\" data-e-type=\"column\">\n\t\t\t<div class=\"elementor-widget-wrap elementor-element-populated\">\n\t\t\t\t\t\t<div class=\"elementor-element elementor-element-63a179b elementor-widget elementor-widget-image\" data-id=\"63a179b\" data-element_type=\"widget\" data-e-type=\"widget\" data-widget_type=\"image.default\">\n\t\t\t\t<div class=\"elementor-widget-container\">\n\t\t\t\t\t\t\t\t\t\t\t\t\t\t\t<img loading=\"lazy\" decoding=\"async\" width=\"799\" height=\"498\" src=\"https:\/\/www.retroianer.de\/wp-content\/uploads\/2021\/05\/ps2_converter_final.jpg\" class=\"attachment-large size-large wp-image-310\" alt=\"\" srcset=\"https:\/\/www.retroianer.de\/wp-content\/uploads\/2021\/05\/ps2_converter_final.jpg 799w, https:\/\/www.retroianer.de\/wp-content\/uploads\/2021\/05\/ps2_converter_final-300x187.jpg 300w, https:\/\/www.retroianer.de\/wp-content\/uploads\/2021\/05\/ps2_converter_final-768x479.jpg 768w\" sizes=\"(max-width: 799px) 100vw, 799px\" \/>\t\t\t\t\t\t\t\t\t\t\t\t\t\t\t<\/div>\n\t\t\t\t<\/div>\n\t\t\t\t\t<\/div>\n\t\t<\/div>\n\t\t\t\t\t<\/div>\n\t\t<\/section>\n\t\t\t\t<section class=\"elementor-section elementor-top-section elementor-element elementor-element-4ef38e0 elementor-section-boxed elementor-section-height-default elementor-section-height-default\" data-id=\"4ef38e0\" data-element_type=\"section\" data-e-type=\"section\">\n\t\t\t\t\t\t<div class=\"elementor-container elementor-column-gap-default\">\n\t\t\t\t\t<div class=\"elementor-column elementor-col-50 elementor-top-column elementor-element elementor-element-40b04a1\" data-id=\"40b04a1\" data-element_type=\"column\" data-e-type=\"column\">\n\t\t\t<div class=\"elementor-widget-wrap\">\n\t\t\t\t\t\t\t<\/div>\n\t\t<\/div>\n\t\t\t\t<div class=\"elementor-column elementor-col-50 elementor-top-column elementor-element elementor-element-fa3a8be\" data-id=\"fa3a8be\" data-element_type=\"column\" data-e-type=\"column\">\n\t\t\t<div class=\"elementor-widget-wrap\">\n\t\t\t\t\t\t\t<\/div>\n\t\t<\/div>\n\t\t\t\t\t<\/div>\n\t\t<\/section>\n\t\t\t\t<\/div>\n\t\t","protected":false},"excerpt":{"rendered":"<p>Mit diesem Ger\u00e4t k\u00f6nnen Sie viele optische PS \/ 2-M\u00e4use \u00fcber Serialports mit dem Microsoft Serial Mouse-Treiber betreiben. Alte Mechanische M\u00e4use machen oft keinen Spa\u00df, sie sind unergonomisch, und haben schlechtes Tracking. Dies ist die L\u00f6sung, um Ihrem alten 286\/386\/486 eine wirklich handliche Maus zu geben. Die Firmware wurde von Felmar Loyd neu geschrieben und [&hellip;]<\/p>\n","protected":false},"author":1,"featured_media":0,"parent":0,"menu_order":0,"comment_status":"closed","ping_status":"closed","template":"","meta":{"ocean_post_layout":"","ocean_both_sidebars_style":"","ocean_both_sidebars_content_width":0,"ocean_both_sidebars_sidebars_width":0,"ocean_sidebar":"0","ocean_second_sidebar":"0","ocean_disable_margins":"enable","ocean_add_body_class":"","ocean_shortcode_before_top_bar":"","ocean_shortcode_after_top_bar":"","ocean_shortcode_before_header":"","ocean_shortcode_after_header":"","ocean_has_shortcode":"","ocean_shortcode_after_title":"","ocean_shortcode_before_footer_widgets":"","ocean_shortcode_after_footer_widgets":"","ocean_shortcode_before_footer_bottom":"","ocean_shortcode_after_footer_bottom":"","ocean_display_top_bar":"default","ocean_display_header":"default","ocean_header_style":"","ocean_center_header_left_menu":"0","ocean_custom_header_template":"0","ocean_custom_logo":0,"ocean_custom_retina_logo":0,"ocean_custom_logo_max_width":0,"ocean_custom_logo_tablet_max_width":0,"ocean_custom_logo_mobile_max_width":0,"ocean_custom_logo_max_height":0,"ocean_custom_logo_tablet_max_height":0,"ocean_custom_logo_mobile_max_height":0,"ocean_header_custom_menu":"0","ocean_menu_typo_font_family":"0","ocean_menu_typo_font_subset":"","ocean_menu_typo_font_size":0,"ocean_menu_typo_font_size_tablet":0,"ocean_menu_typo_font_size_mobile":0,"ocean_menu_typo_font_size_unit":"px","ocean_menu_typo_font_weight":"","ocean_menu_typo_font_weight_tablet":"","ocean_menu_typo_font_weight_mobile":"","ocean_menu_typo_transform":"","ocean_menu_typo_transform_tablet":"","ocean_menu_typo_transform_mobile":"","ocean_menu_typo_line_height":0,"ocean_menu_typo_line_height_tablet":0,"ocean_menu_typo_line_height_mobile":0,"ocean_menu_typo_line_height_unit":"","ocean_menu_typo_spacing":0,"ocean_menu_typo_spacing_tablet":0,"ocean_menu_typo_spacing_mobile":0,"ocean_menu_typo_spacing_unit":"","ocean_menu_link_color":"","ocean_menu_link_color_hover":"","ocean_menu_link_color_active":"","ocean_menu_link_background":"","ocean_menu_link_hover_background":"","ocean_menu_link_active_background":"","ocean_menu_social_links_bg":"","ocean_menu_social_hover_links_bg":"","ocean_menu_social_links_color":"","ocean_menu_social_hover_links_color":"","ocean_disable_title":"default","ocean_disable_heading":"default","ocean_post_title":"","ocean_post_subheading":"","ocean_post_title_style":"","ocean_post_title_background_color":"","ocean_post_title_background":0,"ocean_post_title_bg_image_position":"","ocean_post_title_bg_image_attachment":"","ocean_post_title_bg_image_repeat":"","ocean_post_title_bg_image_size":"","ocean_post_title_height":0,"ocean_post_title_bg_overlay":0.5,"ocean_post_title_bg_overlay_color":"","ocean_disable_breadcrumbs":"default","ocean_breadcrumbs_color":"","ocean_breadcrumbs_separator_color":"","ocean_breadcrumbs_links_color":"","ocean_breadcrumbs_links_hover_color":"","ocean_display_footer_widgets":"default","ocean_display_footer_bottom":"default","ocean_custom_footer_template":"0","footnotes":""},"class_list":["post-173","page","type-page","status-publish","hentry","entry"],"_links":{"self":[{"href":"https:\/\/www.retroianer.de\/index.php\/wp-json\/wp\/v2\/pages\/173","targetHints":{"allow":["GET"]}}],"collection":[{"href":"https:\/\/www.retroianer.de\/index.php\/wp-json\/wp\/v2\/pages"}],"about":[{"href":"https:\/\/www.retroianer.de\/index.php\/wp-json\/wp\/v2\/types\/page"}],"author":[{"embeddable":true,"href":"https:\/\/www.retroianer.de\/index.php\/wp-json\/wp\/v2\/users\/1"}],"replies":[{"embeddable":true,"href":"https:\/\/www.retroianer.de\/index.php\/wp-json\/wp\/v2\/comments?post=173"}],"version-history":[{"count":26,"href":"https:\/\/www.retroianer.de\/index.php\/wp-json\/wp\/v2\/pages\/173\/revisions"}],"predecessor-version":[{"id":320,"href":"https:\/\/www.retroianer.de\/index.php\/wp-json\/wp\/v2\/pages\/173\/revisions\/320"}],"wp:attachment":[{"href":"https:\/\/www.retroianer.de\/index.php\/wp-json\/wp\/v2\/media?parent=173"}],"curies":[{"name":"wp","href":"https:\/\/api.w.org\/{rel}","templated":true}]}}