{"id":153,"date":"2020-10-24T11:10:04","date_gmt":"2020-10-24T11:10:04","guid":{"rendered":"http:\/\/www.retrokits.de\/?page_id=153"},"modified":"2021-05-28T13:37:31","modified_gmt":"2021-05-28T13:37:31","slug":"dual-isa-dac-r0-covox-speech-thing-on-isa-bus","status":"publish","type":"page","link":"https:\/\/www.retroianer.de\/index.php\/dual-isa-dac-r0-covox-speech-thing-on-isa-bus\/","title":{"rendered":"Dual ISA DAC r0 &#8211; Covox Speech Thing on ISA Bus"},"content":{"rendered":"\t\t<div data-elementor-type=\"wp-page\" data-elementor-id=\"153\" class=\"elementor elementor-153\">\n\t\t\t\t\t\t<section class=\"elementor-section elementor-top-section elementor-element elementor-element-fe76cb7 elementor-section-boxed elementor-section-height-default elementor-section-height-default\" data-id=\"fe76cb7\" data-element_type=\"section\" data-e-type=\"section\">\n\t\t\t\t\t\t<div class=\"elementor-container elementor-column-gap-default\">\n\t\t\t\t\t<div class=\"elementor-column elementor-col-100 elementor-top-column elementor-element elementor-element-b3d3d2b\" data-id=\"b3d3d2b\" data-element_type=\"column\" data-e-type=\"column\">\n\t\t\t<div class=\"elementor-widget-wrap elementor-element-populated\">\n\t\t\t\t\t\t<div class=\"elementor-element elementor-element-a8099dc elementor-widget elementor-widget-image\" data-id=\"a8099dc\" data-element_type=\"widget\" data-e-type=\"widget\" data-widget_type=\"image.default\">\n\t\t\t\t<div class=\"elementor-widget-container\">\n\t\t\t\t\t\t\t\t\t\t\t\t\t\t\t<img fetchpriority=\"high\" decoding=\"async\" width=\"1024\" height=\"1019\" src=\"https:\/\/www.retroianer.de\/wp-content\/uploads\/2020\/10\/r0_isa-1024x1019.jpg\" class=\"attachment-large size-large wp-image-154\" alt=\"\" srcset=\"https:\/\/www.retroianer.de\/wp-content\/uploads\/2020\/10\/r0_isa-1024x1019.jpg 1024w, https:\/\/www.retroianer.de\/wp-content\/uploads\/2020\/10\/r0_isa-300x300.jpg 300w, https:\/\/www.retroianer.de\/wp-content\/uploads\/2020\/10\/r0_isa-150x150.jpg 150w, https:\/\/www.retroianer.de\/wp-content\/uploads\/2020\/10\/r0_isa-768x764.jpg 768w, https:\/\/www.retroianer.de\/wp-content\/uploads\/2020\/10\/r0_isa.jpg 1280w\" sizes=\"(max-width: 1024px) 100vw, 1024px\" \/>\t\t\t\t\t\t\t\t\t\t\t\t\t\t\t<\/div>\n\t\t\t\t<\/div>\n\t\t\t\t\t<\/div>\n\t\t<\/div>\n\t\t\t\t\t<\/div>\n\t\t<\/section>\n\t\t\t\t<section class=\"elementor-section elementor-top-section elementor-element elementor-element-0044c3c elementor-section-boxed elementor-section-height-default elementor-section-height-default\" data-id=\"0044c3c\" data-element_type=\"section\" data-e-type=\"section\">\n\t\t\t\t\t\t<div class=\"elementor-container elementor-column-gap-default\">\n\t\t\t\t\t<div class=\"elementor-column elementor-col-50 elementor-top-column elementor-element elementor-element-982b35a\" data-id=\"982b35a\" data-element_type=\"column\" data-e-type=\"column\">\n\t\t\t<div class=\"elementor-widget-wrap elementor-element-populated\">\n\t\t\t\t\t\t<div class=\"elementor-element elementor-element-fc2c16a elementor-widget elementor-widget-text-editor\" data-id=\"fc2c16a\" data-element_type=\"widget\" data-e-type=\"widget\" data-widget_type=\"text-editor.default\">\n\t\t\t\t<div class=\"elementor-widget-container\">\n\t\t\t\t\t\t\t\t\t<p><b>Dual ISA DAC r0 &#8211; Covox Speech Thing on ISA Bus<\/b><\/p><p><span style=\"font-size: 14px; color: var( --e-global-color-text );\">Die Dual ISA DAC r0 Karte enth\u00e4lt 2 DAC Chips welche der Soundqualit\u00e4t einer Sound Blaster in nichts nachstehen.<\/span><\/p><p>Sie kann unter anderen benutzt werden um MOD Files zu h\u00f6ren (Stereo) und l\u00e4uft unter Windows 3.x mit dem Covox Speech Thing Treiber (Mono)\u00a0<\/p><p>Auch die Demoszene h\u00e4lt einiges bereit! Und eine Vielzahl von Spielen wird ebenfalls unterst\u00fctzt.<\/p><p>Durch modifizieren der LPT Bios Table lassen sich die IO Ports als LPT Ports registrieren was dann Stereo on 2 entspricht.<\/p><p>Der Gr\u00f6\u00dfte Vorteil ist das f\u00fcr Stereo Covox Software keine 2 LPT Ports n\u00f6tig sind und man sich somit 2 IRQs spart die ohnehin knapp in alten Rechnern sind.<\/p><p>(2x Covox an 2x LPT Ports)<\/p><p>Alternativ kann die Karte auch als Signal Generator eingesetzt werden.<\/p><p><a href=\"https:\/\/github.com\/matze79\/ISA-DAC-r0\">https:\/\/github.com\/matze79\/ISA-DAC-r0<\/a><\/p>\t\t\t\t\t\t\t\t<\/div>\n\t\t\t\t<\/div>\n\t\t\t\t\t<\/div>\n\t\t<\/div>\n\t\t\t\t<div class=\"elementor-column elementor-col-50 elementor-top-column elementor-element elementor-element-3411ef5\" data-id=\"3411ef5\" data-element_type=\"column\" data-e-type=\"column\">\n\t\t\t<div class=\"elementor-widget-wrap elementor-element-populated\">\n\t\t\t\t\t\t<div class=\"elementor-element elementor-element-2d536d2 elementor-widget elementor-widget-text-editor\" data-id=\"2d536d2\" data-element_type=\"widget\" data-e-type=\"widget\" data-widget_type=\"text-editor.default\">\n\t\t\t\t<div class=\"elementor-widget-container\">\n\t\t\t\t\t\t\t\t\t<p>Dual ISA DAC r0 &#8211; Covox Speech Thing on ISA Bus<\/p><p>The Dual ISA DAC r0 card contains 2 DAC chips which are in no way inferior to the sound quality of a Sound Blaster.<\/p><p>It can be used to listen to MOD files (stereo) and runs under Windows 3.x with the Covox Speech Thing driver (mono)\u00a0<\/p><p>Also the demoscene has a lot to offer! And a lot of games are supported as well.<\/p><p>By modifying the LPT Bios Table the IO ports can be registered as LPT ports which is equivalent to Stereo on 2.<\/p><p>The biggest advantage is that for Stereo Covox software no 2 LPT ports are necessary and you save 2 IRQs which are scarce in old computers anyway.<\/p><p>(2x Covox on 2x LPT ports)<\/p><p>Alternatively the card can be used as a signal generator<\/p><p>\u00a0<\/p><p><a href=\"https:\/\/github.com\/matze79\/ISA-DAC-r0\">https:\/\/github.com\/matze79\/ISA-DAC-r0<\/a><\/p>\t\t\t\t\t\t\t\t<\/div>\n\t\t\t\t<\/div>\n\t\t\t\t\t<\/div>\n\t\t<\/div>\n\t\t\t\t\t<\/div>\n\t\t<\/section>\n\t\t\t\t<section class=\"elementor-section elementor-top-section elementor-element elementor-element-71ff6ad elementor-section-boxed elementor-section-height-default elementor-section-height-default\" data-id=\"71ff6ad\" data-element_type=\"section\" data-e-type=\"section\">\n\t\t\t\t\t\t<div class=\"elementor-container elementor-column-gap-default\">\n\t\t\t\t\t<div class=\"elementor-column elementor-col-100 elementor-top-column elementor-element elementor-element-1adc6a8\" data-id=\"1adc6a8\" data-element_type=\"column\" data-e-type=\"column\">\n\t\t\t<div class=\"elementor-widget-wrap elementor-element-populated\">\n\t\t\t\t\t\t<div class=\"elementor-element elementor-element-d8ca2a2 elementor-widget elementor-widget-image\" data-id=\"d8ca2a2\" data-element_type=\"widget\" data-e-type=\"widget\" data-widget_type=\"image.default\">\n\t\t\t\t<div class=\"elementor-widget-container\">\n\t\t\t\t\t\t\t\t\t\t\t\t\t\t\t<img decoding=\"async\" width=\"1024\" height=\"378\" src=\"https:\/\/www.retroianer.de\/wp-content\/uploads\/2020\/10\/schem-1024x378.png\" class=\"attachment-large size-large wp-image-157\" alt=\"\" srcset=\"https:\/\/www.retroianer.de\/wp-content\/uploads\/2020\/10\/schem-1024x378.png 1024w, https:\/\/www.retroianer.de\/wp-content\/uploads\/2020\/10\/schem-300x111.png 300w, https:\/\/www.retroianer.de\/wp-content\/uploads\/2020\/10\/schem-768x283.png 768w, https:\/\/www.retroianer.de\/wp-content\/uploads\/2020\/10\/schem-1536x566.png 1536w, https:\/\/www.retroianer.de\/wp-content\/uploads\/2020\/10\/schem.png 1920w\" sizes=\"(max-width: 1024px) 100vw, 1024px\" \/>\t\t\t\t\t\t\t\t\t\t\t\t\t\t\t<\/div>\n\t\t\t\t<\/div>\n\t\t\t\t\t<\/div>\n\t\t<\/div>\n\t\t\t\t\t<\/div>\n\t\t<\/section>\n\t\t\t\t<section class=\"elementor-section elementor-top-section elementor-element elementor-element-c137320 elementor-section-boxed elementor-section-height-default elementor-section-height-default\" data-id=\"c137320\" data-element_type=\"section\" data-e-type=\"section\">\n\t\t\t\t\t\t<div class=\"elementor-container elementor-column-gap-default\">\n\t\t\t\t\t<div class=\"elementor-column elementor-col-100 elementor-top-column elementor-element elementor-element-d53d54e\" data-id=\"d53d54e\" data-element_type=\"column\" data-e-type=\"column\">\n\t\t\t<div class=\"elementor-widget-wrap elementor-element-populated\">\n\t\t\t\t\t\t<div class=\"elementor-element elementor-element-b27b4b4 elementor-widget elementor-widget-image\" data-id=\"b27b4b4\" data-element_type=\"widget\" data-e-type=\"widget\" data-widget_type=\"image.default\">\n\t\t\t\t<div class=\"elementor-widget-container\">\n\t\t\t\t\t\t\t\t\t\t\t\t\t\t\t<img decoding=\"async\" width=\"1024\" height=\"847\" src=\"https:\/\/www.retroianer.de\/wp-content\/uploads\/2020\/10\/pcb1-1024x847.png\" class=\"attachment-large size-large wp-image-158\" alt=\"\" srcset=\"https:\/\/www.retroianer.de\/wp-content\/uploads\/2020\/10\/pcb1-1024x847.png 1024w, https:\/\/www.retroianer.de\/wp-content\/uploads\/2020\/10\/pcb1-300x248.png 300w, https:\/\/www.retroianer.de\/wp-content\/uploads\/2020\/10\/pcb1-768x635.png 768w, https:\/\/www.retroianer.de\/wp-content\/uploads\/2020\/10\/pcb1-1536x1270.png 1536w, https:\/\/www.retroianer.de\/wp-content\/uploads\/2020\/10\/pcb1.png 1744w\" sizes=\"(max-width: 1024px) 100vw, 1024px\" \/>\t\t\t\t\t\t\t\t\t\t\t\t\t\t\t<\/div>\n\t\t\t\t<\/div>\n\t\t\t\t\t<\/div>\n\t\t<\/div>\n\t\t\t\t\t<\/div>\n\t\t<\/section>\n\t\t\t\t<section class=\"elementor-section elementor-top-section elementor-element elementor-element-29c9b5e elementor-section-boxed elementor-section-height-default elementor-section-height-default\" data-id=\"29c9b5e\" data-element_type=\"section\" data-e-type=\"section\">\n\t\t\t\t\t\t<div class=\"elementor-container elementor-column-gap-default\">\n\t\t\t\t\t<div class=\"elementor-column elementor-col-50 elementor-top-column elementor-element elementor-element-d7c260b\" data-id=\"d7c260b\" data-element_type=\"column\" data-e-type=\"column\">\n\t\t\t<div class=\"elementor-widget-wrap elementor-element-populated\">\n\t\t\t\t\t\t<div class=\"elementor-element elementor-element-6dd9a91 elementor-widget elementor-widget-image\" data-id=\"6dd9a91\" data-element_type=\"widget\" data-e-type=\"widget\" data-widget_type=\"image.default\">\n\t\t\t\t<div class=\"elementor-widget-container\">\n\t\t\t\t\t\t\t\t\t\t\t\t<figure class=\"wp-caption\">\n\t\t\t\t\t\t\t\t\t\t<img loading=\"lazy\" decoding=\"async\" width=\"320\" height=\"200\" src=\"https:\/\/www.retroianer.de\/wp-content\/uploads\/2020\/10\/eb_003.png\" class=\"attachment-large size-large wp-image-137\" alt=\"\" srcset=\"https:\/\/www.retroianer.de\/wp-content\/uploads\/2020\/10\/eb_003.png 320w, https:\/\/www.retroianer.de\/wp-content\/uploads\/2020\/10\/eb_003-300x188.png 300w\" sizes=\"(max-width: 320px) 100vw, 320px\" \/>\t\t\t\t\t\t\t\t\t\t\t<figcaption class=\"widget-image-caption wp-caption-text\">Electro Body<\/figcaption>\n\t\t\t\t\t\t\t\t\t\t<\/figure>\n\t\t\t\t\t\t\t\t\t<\/div>\n\t\t\t\t<\/div>\n\t\t\t\t\t<\/div>\n\t\t<\/div>\n\t\t\t\t<div class=\"elementor-column elementor-col-50 elementor-top-column elementor-element elementor-element-3577779\" data-id=\"3577779\" data-element_type=\"column\" data-e-type=\"column\">\n\t\t\t<div class=\"elementor-widget-wrap elementor-element-populated\">\n\t\t\t\t\t\t<div class=\"elementor-element elementor-element-0a4b0a1 elementor-widget elementor-widget-image\" data-id=\"0a4b0a1\" data-element_type=\"widget\" data-e-type=\"widget\" data-widget_type=\"image.default\">\n\t\t\t\t<div class=\"elementor-widget-container\">\n\t\t\t\t\t\t\t\t\t\t\t\t<figure class=\"wp-caption\">\n\t\t\t\t\t\t\t\t\t\t<img loading=\"lazy\" decoding=\"async\" width=\"640\" height=\"400\" src=\"https:\/\/www.retroianer.de\/wp-content\/uploads\/2020\/10\/mfed_000.png\" class=\"attachment-large size-large wp-image-156\" alt=\"\" srcset=\"https:\/\/www.retroianer.de\/wp-content\/uploads\/2020\/10\/mfed_000.png 640w, https:\/\/www.retroianer.de\/wp-content\/uploads\/2020\/10\/mfed_000-300x188.png 300w\" sizes=\"(max-width: 640px) 100vw, 640px\" \/>\t\t\t\t\t\t\t\t\t\t\t<figcaption class=\"widget-image-caption wp-caption-text\">MOD File Editor v1.52<\/figcaption>\n\t\t\t\t\t\t\t\t\t\t<\/figure>\n\t\t\t\t\t\t\t\t\t<\/div>\n\t\t\t\t<\/div>\n\t\t\t\t\t<\/div>\n\t\t<\/div>\n\t\t\t\t\t<\/div>\n\t\t<\/section>\n\t\t\t\t<section class=\"elementor-section elementor-top-section elementor-element elementor-element-3b8d49f elementor-section-boxed elementor-section-height-default elementor-section-height-default\" data-id=\"3b8d49f\" data-element_type=\"section\" data-e-type=\"section\">\n\t\t\t\t\t\t<div class=\"elementor-container elementor-column-gap-default\">\n\t\t\t\t\t<div class=\"elementor-column elementor-col-100 elementor-top-column elementor-element elementor-element-41a8562\" data-id=\"41a8562\" data-element_type=\"column\" data-e-type=\"column\">\n\t\t\t<div class=\"elementor-widget-wrap elementor-element-populated\">\n\t\t\t\t\t\t<div class=\"elementor-element elementor-element-a3cb23f elementor-widget elementor-widget-video\" data-id=\"a3cb23f\" data-element_type=\"widget\" data-e-type=\"widget\" data-settings=\"{&quot;youtube_url&quot;:&quot;https:\\\/\\\/youtu.be\\\/FnlOKTi11Zk&quot;,&quot;video_type&quot;:&quot;youtube&quot;,&quot;controls&quot;:&quot;yes&quot;}\" data-widget_type=\"video.default\">\n\t\t\t\t<div class=\"elementor-widget-container\">\n\t\t\t\t\t\t\t<div class=\"elementor-wrapper elementor-open-inline\">\n\t\t\t<div class=\"elementor-video\"><\/div>\t\t<\/div>\n\t\t\t\t\t\t<\/div>\n\t\t\t\t<\/div>\n\t\t\t\t\t<\/div>\n\t\t<\/div>\n\t\t\t\t\t<\/div>\n\t\t<\/section>\n\t\t\t\t<section class=\"elementor-section elementor-top-section elementor-element elementor-element-67f6b63 elementor-section-boxed elementor-section-height-default elementor-section-height-default\" data-id=\"67f6b63\" data-element_type=\"section\" data-e-type=\"section\">\n\t\t\t\t\t\t<div class=\"elementor-container elementor-column-gap-default\">\n\t\t\t\t\t<div class=\"elementor-column elementor-col-100 elementor-top-column elementor-element elementor-element-3fd8d03\" data-id=\"3fd8d03\" data-element_type=\"column\" data-e-type=\"column\">\n\t\t\t<div class=\"elementor-widget-wrap elementor-element-populated\">\n\t\t\t\t\t\t<div class=\"elementor-element elementor-element-6d0406f elementor-widget elementor-widget-text-editor\" data-id=\"6d0406f\" data-element_type=\"widget\" data-e-type=\"widget\" data-widget_type=\"text-editor.default\">\n\t\t\t\t<div class=\"elementor-widget-container\">\n\t\t\t\t\t\t\t\t\t<p>With Debug.exe we can enter the DAC to the LPT Bios table to get it recognized.<\/p><p>Command:<\/p><p>debug.exe<\/p><p>-e 40:08 B0 03 B4 03<\/p><p>LPT1 03B0 LPT2 3B4<\/p><p style=\"box-sizing: inherit; min-width: 0px; margin-bottom: 0px; color: #2c3e50; font-family: 'Open Sans', Helvetica, Verdana, sans-serif; font-size: 13px; font-style: normal; font-variant-ligatures: normal; font-variant-caps: normal; font-weight: 400;\"><span style=\"box-sizing: inherit; min-width: 0px; font-weight: 600;\">Dip Settings:<br \/>3B0 &amp; 3B4<br style=\"box-sizing: inherit; min-width: 0px;\" \/><\/span><\/p><p style=\"box-sizing: inherit; min-width: 0px; margin-bottom: 0px; color: #2c3e50; font-family: 'Open Sans', Helvetica, Verdana, sans-serif; font-size: 13px; font-style: normal; font-variant-ligatures: normal; font-variant-caps: normal; font-weight: 400;\"><span style=\"box-sizing: inherit; min-width: 0px; font-weight: 600;\">11001000<\/span><\/p><p style=\"box-sizing: inherit; min-width: 0px; margin-bottom: 0px; color: #2c3e50; font-family: 'Open Sans', Helvetica, Verdana, sans-serif; font-size: 13px; font-style: normal; font-variant-ligatures: normal; font-variant-caps: normal; font-weight: 400;\"><span style=\"box-sizing: inherit; min-width: 0px; font-weight: 600;\">01001000<\/span><\/p><p>\u00a0<\/p>\t\t\t\t\t\t\t\t<\/div>\n\t\t\t\t<\/div>\n\t\t\t\t\t<\/div>\n\t\t<\/div>\n\t\t\t\t\t<\/div>\n\t\t<\/section>\n\t\t\t\t<\/div>\n\t\t","protected":false},"excerpt":{"rendered":"<p>Dual ISA DAC r0 &#8211; Covox Speech Thing on ISA Bus Die Dual ISA DAC r0 Karte enth\u00e4lt 2 DAC Chips welche der Soundqualit\u00e4t einer Sound Blaster in nichts nachstehen. Sie kann unter anderen benutzt werden um MOD Files zu h\u00f6ren (Stereo) und l\u00e4uft unter Windows 3.x mit dem Covox Speech Thing Treiber (Mono)\u00a0 Auch [&hellip;]<\/p>\n","protected":false},"author":1,"featured_media":0,"parent":0,"menu_order":0,"comment_status":"closed","ping_status":"closed","template":"","meta":{"ocean_post_layout":"","ocean_both_sidebars_style":"","ocean_both_sidebars_content_width":0,"ocean_both_sidebars_sidebars_width":0,"ocean_sidebar":"0","ocean_second_sidebar":"0","ocean_disable_margins":"enable","ocean_add_body_class":"","ocean_shortcode_before_top_bar":"","ocean_shortcode_after_top_bar":"","ocean_shortcode_before_header":"","ocean_shortcode_after_header":"","ocean_has_shortcode":"","ocean_shortcode_after_title":"","ocean_shortcode_before_footer_widgets":"","ocean_shortcode_after_footer_widgets":"","ocean_shortcode_before_footer_bottom":"","ocean_shortcode_after_footer_bottom":"","ocean_display_top_bar":"default","ocean_display_header":"default","ocean_header_style":"","ocean_center_header_left_menu":"0","ocean_custom_header_template":"0","ocean_custom_logo":0,"ocean_custom_retina_logo":0,"ocean_custom_logo_max_width":0,"ocean_custom_logo_tablet_max_width":0,"ocean_custom_logo_mobile_max_width":0,"ocean_custom_logo_max_height":0,"ocean_custom_logo_tablet_max_height":0,"ocean_custom_logo_mobile_max_height":0,"ocean_header_custom_menu":"0","ocean_menu_typo_font_family":"0","ocean_menu_typo_font_subset":"","ocean_menu_typo_font_size":0,"ocean_menu_typo_font_size_tablet":0,"ocean_menu_typo_font_size_mobile":0,"ocean_menu_typo_font_size_unit":"px","ocean_menu_typo_font_weight":"","ocean_menu_typo_font_weight_tablet":"","ocean_menu_typo_font_weight_mobile":"","ocean_menu_typo_transform":"","ocean_menu_typo_transform_tablet":"","ocean_menu_typo_transform_mobile":"","ocean_menu_typo_line_height":0,"ocean_menu_typo_line_height_tablet":0,"ocean_menu_typo_line_height_mobile":0,"ocean_menu_typo_line_height_unit":"","ocean_menu_typo_spacing":0,"ocean_menu_typo_spacing_tablet":0,"ocean_menu_typo_spacing_mobile":0,"ocean_menu_typo_spacing_unit":"","ocean_menu_link_color":"","ocean_menu_link_color_hover":"","ocean_menu_link_color_active":"","ocean_menu_link_background":"","ocean_menu_link_hover_background":"","ocean_menu_link_active_background":"","ocean_menu_social_links_bg":"","ocean_menu_social_hover_links_bg":"","ocean_menu_social_links_color":"","ocean_menu_social_hover_links_color":"","ocean_disable_title":"default","ocean_disable_heading":"default","ocean_post_title":"","ocean_post_subheading":"","ocean_post_title_style":"","ocean_post_title_background_color":"","ocean_post_title_background":0,"ocean_post_title_bg_image_position":"","ocean_post_title_bg_image_attachment":"","ocean_post_title_bg_image_repeat":"","ocean_post_title_bg_image_size":"","ocean_post_title_height":0,"ocean_post_title_bg_overlay":0.5,"ocean_post_title_bg_overlay_color":"","ocean_disable_breadcrumbs":"default","ocean_breadcrumbs_color":"","ocean_breadcrumbs_separator_color":"","ocean_breadcrumbs_links_color":"","ocean_breadcrumbs_links_hover_color":"","ocean_display_footer_widgets":"default","ocean_display_footer_bottom":"default","ocean_custom_footer_template":"0","footnotes":""},"class_list":["post-153","page","type-page","status-publish","hentry","entry"],"_links":{"self":[{"href":"https:\/\/www.retroianer.de\/index.php\/wp-json\/wp\/v2\/pages\/153","targetHints":{"allow":["GET"]}}],"collection":[{"href":"https:\/\/www.retroianer.de\/index.php\/wp-json\/wp\/v2\/pages"}],"about":[{"href":"https:\/\/www.retroianer.de\/index.php\/wp-json\/wp\/v2\/types\/page"}],"author":[{"embeddable":true,"href":"https:\/\/www.retroianer.de\/index.php\/wp-json\/wp\/v2\/users\/1"}],"replies":[{"embeddable":true,"href":"https:\/\/www.retroianer.de\/index.php\/wp-json\/wp\/v2\/comments?post=153"}],"version-history":[{"count":11,"href":"https:\/\/www.retroianer.de\/index.php\/wp-json\/wp\/v2\/pages\/153\/revisions"}],"predecessor-version":[{"id":261,"href":"https:\/\/www.retroianer.de\/index.php\/wp-json\/wp\/v2\/pages\/153\/revisions\/261"}],"wp:attachment":[{"href":"https:\/\/www.retroianer.de\/index.php\/wp-json\/wp\/v2\/media?parent=153"}],"curies":[{"name":"wp","href":"https:\/\/api.w.org\/{rel}","templated":true}]}}